{"id":188,"date":"2015-02-10T19:21:09","date_gmt":"2015-02-10T19:21:09","guid":{"rendered":"https:\/\/margareteaquila.com.br\/v2\/?page_id=188"},"modified":"2017-08-18T20:05:37","modified_gmt":"2017-08-18T20:05:37","slug":"conscientia","status":"publish","type":"page","link":"https:\/\/margareteaquila.com.br\/v2\/discografia\/conscientia\/","title":{"rendered":"CONSCIENTIA"},"content":{"rendered":"<p><span style=\"font-size: 14pt;\"><strong>Es<img decoding=\"async\" class=\" size-thumbnail wp-image-101 alignleft\" src=\"https:\/\/margareteaquila.com.br\/v2\/wp-content\/uploads\/2015\/01\/3_conscientia-150x150.png\" alt=\"3_conscientia\" width=\"150\" height=\"150\" srcset=\"https:\/\/margareteaquila.com.br\/v2\/wp-content\/uploads\/2015\/01\/3_conscientia-150x150.png 150w, https:\/\/margareteaquila.com.br\/v2\/wp-content\/uploads\/2015\/01\/3_conscientia-160x160.png 160w, https:\/\/margareteaquila.com.br\/v2\/wp-content\/uploads\/2015\/01\/3_conscientia-300x297.png 300w, https:\/\/margareteaquila.com.br\/v2\/wp-content\/uploads\/2015\/01\/3_conscientia.png 354w\" sizes=\"(max-width: 150px) 100vw, 150px\" \/>se trabalho foi inspirado no contato com seres universais desse e de outros planetas que falam da importancia de ter coragem para enxergar e modificar valores invertidos, onde o amor, a verdade e a beleza sejam compreendidos na sua ess\u00eancia. Estar ciente da realidade \u00e9 trabalhar para um mundo melhor, mais humano, divino e pac\u00edfico.<\/strong><\/span><\/p>\n<p>&nbsp;<\/p>\n<div class=\"flagallery jq-mplayer_skin\" > <div id=\"flag_musicplayer_r3222451719\"> <script type=\"text\/javascript\"> jQuery(function(){ var settings = {\"maxwidth\":\"0\",\"autoplay\":\"0\",\"loop\":\"1\",\"buttonText\":\"Download\",\"downloadTrack\":\"0\",\"tracksToShow\":\"5\",\"moreText\":\"View More...\",\"key\":\"\",\"name\":\"\"}; var content = [{\"id\":176,\"mp3\":\"https:\\\/\\\/margareteaquila.com.br\\\/v2\\\/wp-content\\\/uploads\\\/discografia\\\/cd03_conscientia\\\/01- Conscientia.mp3\",\"cover\":\"\",\"title\":\"Conscientia\",\"text\":\"\",\"button\":\"\"},{\"id\":177,\"mp3\":\"https:\\\/\\\/margareteaquila.com.br\\\/v2\\\/wp-content\\\/uploads\\\/discografia\\\/cd03_conscientia\\\/02- Mantra.mp3\",\"cover\":\"\",\"title\":\"Mantra\",\"text\":\"\",\"button\":\"\"},{\"id\":178,\"mp3\":\"https:\\\/\\\/margareteaquila.com.br\\\/v2\\\/wp-content\\\/uploads\\\/discografia\\\/cd03_conscientia\\\/03- Cantum.mp3\",\"cover\":\"\",\"title\":\"Cantum\",\"text\":\"\",\"button\":\"\"},{\"id\":179,\"mp3\":\"https:\\\/\\\/margareteaquila.com.br\\\/v2\\\/wp-content\\\/uploads\\\/discografia\\\/cd03_conscientia\\\/04- La verdad.mp3\",\"cover\":\"\",\"title\":\"La verdad\",\"text\":\"\",\"button\":\"\"},{\"id\":180,\"mp3\":\"https:\\\/\\\/margareteaquila.com.br\\\/v2\\\/wp-content\\\/uploads\\\/discografia\\\/cd03_conscientia\\\/05- Cuando.mp3\",\"cover\":\"\",\"title\":\"Cuando\",\"text\":\"\",\"button\":\"\"},{\"id\":181,\"mp3\":\"https:\\\/\\\/margareteaquila.com.br\\\/v2\\\/wp-content\\\/uploads\\\/discografia\\\/cd03_conscientia\\\/06- Encontro.mp3\",\"cover\":\"\",\"title\":\"Encontro\",\"text\":\"\",\"button\":\"\"},{\"id\":182,\"mp3\":\"https:\\\/\\\/margareteaquila.com.br\\\/v2\\\/wp-content\\\/uploads\\\/discografia\\\/cd03_conscientia\\\/07- Son of the stars.mp3\",\"cover\":\"\",\"title\":\"Son of the stars\",\"text\":\"\",\"button\":\"\"},{\"id\":183,\"mp3\":\"https:\\\/\\\/margareteaquila.com.br\\\/v2\\\/wp-content\\\/uploads\\\/discografia\\\/cd03_conscientia\\\/08- Stella matutina vocalizada.mp3\",\"cover\":\"\",\"title\":\"Stella matutina vocalizada\",\"text\":\"\",\"button\":\"\"},{\"id\":184,\"mp3\":\"https:\\\/\\\/margareteaquila.com.br\\\/v2\\\/wp-content\\\/uploads\\\/discografia\\\/cd03_conscientia\\\/09- Stella matutina.mp3\",\"cover\":\"\",\"title\":\"Stella matutina\",\"text\":\"\",\"button\":\"\"},{\"id\":185,\"mp3\":\"https:\\\/\\\/margareteaquila.com.br\\\/v2\\\/wp-content\\\/uploads\\\/discografia\\\/cd03_conscientia\\\/10- Tractus universalis omni.mp3\",\"cover\":\"\",\"title\":\"Tractus universalis omni\",\"text\":\"\",\"button\":\"\"},{\"id\":186,\"mp3\":\"https:\\\/\\\/margareteaquila.com.br\\\/v2\\\/wp-content\\\/uploads\\\/discografia\\\/cd03_conscientia\\\/11- Umaenduar.mp3\",\"cover\":\"\",\"title\":\"Umaenduar\",\"text\":\"\",\"button\":\"\"},{\"id\":187,\"mp3\":\"https:\\\/\\\/margareteaquila.com.br\\\/v2\\\/wp-content\\\/uploads\\\/discografia\\\/cd03_conscientia\\\/12- El guerrero.mp3\",\"cover\":\"\",\"title\":\"El guerrero\",\"text\":\"\",\"button\":\"\"}]; jQuery('#flag_musicplayer_r3222451719').data('uid', 'r3222451719').flagMusicPlayer(content, settings); }); <\/script> <\/div> <\/div>\n","protected":false},"excerpt":{"rendered":"<p>Esse trabalho foi inspirado no contato com seres universais desse e de outros planetas que falam da importancia de ter coragem para enxergar e modificar valores invertidos, onde o amor, a verdade e a beleza sejam compreendidos na sua ess\u00eancia. Estar ciente da realidade \u00e9 trabalhar para um mundo melhor, mais humano, divino e pac\u00edfico. [&hellip;]<\/p>\n","protected":false},"author":1,"featured_media":0,"parent":98,"menu_order":0,"comment_status":"closed","ping_status":"closed","template":"template-fullwidth.php","meta":{"footnotes":"","_elementor_edit_mode":"","_elementor_template_type":"","_elementor_data":"","_elementor_page_settings":null},"class_list":["post-188","page","type-page","status-publish","hentry"],"_links":{"self":[{"href":"https:\/\/margareteaquila.com.br\/v2\/wp-json\/wp\/v2\/pages\/188","targetHints":{"allow":["GET"]}}],"collection":[{"href":"https:\/\/margareteaquila.com.br\/v2\/wp-json\/wp\/v2\/pages"}],"about":[{"href":"https:\/\/margareteaquila.com.br\/v2\/wp-json\/wp\/v2\/types\/page"}],"author":[{"embeddable":true,"href":"https:\/\/margareteaquila.com.br\/v2\/wp-json\/wp\/v2\/users\/1"}],"replies":[{"embeddable":true,"href":"https:\/\/margareteaquila.com.br\/v2\/wp-json\/wp\/v2\/comments?post=188"}],"version-history":[{"count":5,"href":"https:\/\/margareteaquila.com.br\/v2\/wp-json\/wp\/v2\/pages\/188\/revisions"}],"predecessor-version":[{"id":557,"href":"https:\/\/margareteaquila.com.br\/v2\/wp-json\/wp\/v2\/pages\/188\/revisions\/557"}],"up":[{"embeddable":true,"href":"https:\/\/margareteaquila.com.br\/v2\/wp-json\/wp\/v2\/pages\/98"}],"wp:attachment":[{"href":"https:\/\/margareteaquila.com.br\/v2\/wp-json\/wp\/v2\/media?parent=188"}],"curies":[{"name":"wp","href":"https:\/\/api.w.org\/{rel}","templated":true}]}}