{"id":85,"date":"2023-10-13T17:25:17","date_gmt":"2023-10-13T17:25:17","guid":{"rendered":"https:\/\/margareteaquila.com.br\/binaural\/?page_id=85"},"modified":"2023-10-17T18:06:30","modified_gmt":"2023-10-17T18:06:30","slug":"questionario","status":"publish","type":"page","link":"https:\/\/margareteaquila.com.br\/binaural\/questionario\/","title":{"rendered":"Question\u00e1rio"},"content":{"rendered":"\t\t<div data-elementor-type=\"wp-page\" data-elementor-id=\"85\" class=\"elementor elementor-85\" data-elementor-post-type=\"page\">\n\t\t\t\t<div class=\"elementor-element elementor-element-7045bd40 e-flex e-con-boxed e-con e-parent\" data-id=\"7045bd40\" data-element_type=\"container\" data-settings=\"{&quot;background_background&quot;:&quot;classic&quot;}\">\n\t\t\t\t\t<div class=\"e-con-inner\">\n\t\t\t\t<div class=\"elementor-element elementor-element-2e9b5033 elementor-widget elementor-widget-text-editor\" data-id=\"2e9b5033\" data-element_type=\"widget\" data-widget_type=\"text-editor.default\">\n\t\t\t\t<div class=\"elementor-widget-container\">\n\t\t\t<style>\/*! elementor - v3.21.0 - 15-04-2024 *\/\n.elementor-widget-text-editor.elementor-drop-cap-view-stacked .elementor-drop-cap{background-color:#69727d;color:#fff}.elementor-widget-text-editor.elementor-drop-cap-view-framed .elementor-drop-cap{color:#69727d;border:3px solid;background-color:transparent}.elementor-widget-text-editor:not(.elementor-drop-cap-view-default) .elementor-drop-cap{margin-top:8px}.elementor-widget-text-editor:not(.elementor-drop-cap-view-default) .elementor-drop-cap-letter{width:1em;height:1em}.elementor-widget-text-editor .elementor-drop-cap{float:left;text-align:center;line-height:1;font-size:50px}.elementor-widget-text-editor .elementor-drop-cap-letter{display:inline-block}<\/style>\t\t\t\t\n                <div class='gf_browser_gecko gform_wrapper gravity-theme gform-theme--no-framework' data-form-theme='gravity-theme' data-form-index='1' id='gform_wrapper_1' >\n                        <div class='gform_heading'>\n                            <h2 class=\"gform_title\">Question\u00e1rio<\/h2>\n                            <p class='gform_description'>Question\u00e1rio de utiliza\u00e7\u00e3o das frequ\u00eancias.<\/p>\n\t\t\t\t\t\t\t<p class='gform_required_legend'>&quot;<span class=\"gfield_required gfield_required_asterisk\">*<\/span>&quot; indica campos obrigat\u00f3rios<\/p>\n                        <\/div><form method='post' enctype='multipart\/form-data'  id='gform_1'  action='\/binaural\/wp-json\/wp\/v2\/pages\/85' data-formid='1' novalidate>\n                        <div class='gform-body gform_body'><div id='gform_fields_1' class='gform_fields top_label form_sublabel_above description_below'><div id=\"field_1_15\" class=\"gfield gfield--type-section gsection field_sublabel_above gfield--has-description field_description_below gfield_visibility_hidden\"  data-js-reload=\"field_1_15\" ><div class='admin-hidden-markup'><i class='gform-icon gform-icon--hidden'><\/i><span>Hidden<\/span><\/div><h3 class=\"gsection_title\">Pr\u00f3ximas etapas: sincronizar um complemento de e-mail<\/h3><div class='gsection_description' id='gfield_description_1_15'>Para aproveitar ao m\u00e1ximo seu formul\u00e1rio, sugerimos que voc\u00ea sincronize este formul\u00e1rio com um complemento de e-mail. Para saber mais sobre as op\u00e7\u00f5es de complemento de e-mail, visite a p\u00e1gina a seguir (https:\/\/www.gravityforms.com\/the-8-best-email-plugins-for-wordpress-in-2020\/). Importante: Exclua esta dica antes de publicar o formul\u00e1rio.<\/div><\/div><fieldset id=\"field_1_1\" class=\"gfield gfield--type-name gfield_contains_required field_sublabel_above gfield--no-description field_description_below gfield_visibility_visible\"  data-js-reload=\"field_1_1\" ><legend class='gfield_label gform-field-label gfield_label_before_complex' >Seu nome<span class=\"gfield_required\"><span class=\"gfield_required gfield_required_asterisk\">*<\/span><\/span><\/legend><div class='ginput_complex ginput_container ginput_container--name no_prefix has_first_name no_middle_name has_last_name no_suffix gf_name_has_2 ginput_container_name gform-grid-row' id='input_1_1'>\n                            \n                            <span id='input_1_1_3_container' class='name_first gform-grid-col gform-grid-col--size-auto' >\n                                                    <label for='input_1_1_3' class='gform-field-label gform-field-label--type-sub '>Nome<\/label>\n                                                    <input type='text' name='input_1.3' id='input_1_1_3' value=''   aria-required='true'    autocomplete=\"given-name\" \/>\n                                                <\/span>\n                            \n                            <span id='input_1_1_6_container' class='name_last gform-grid-col gform-grid-col--size-auto' >\n                                                            <label for='input_1_1_6' class='gform-field-label gform-field-label--type-sub '>Sobrenome<\/label>\n                                                            <input type='text' name='input_1.6' id='input_1_1_6' value=''   aria-required='true'    autocomplete=\"family-name\" \/>\n                                                        <\/span>\n                            \n                        <\/div><\/fieldset><div id=\"field_1_2\" class=\"gfield gfield--type-email gfield--width-third gfield_contains_required field_sublabel_above gfield--no-description field_description_below gfield_visibility_visible\"  data-js-reload=\"field_1_2\" ><label class='gfield_label gform-field-label' for='input_1_2'>E-mail<span class=\"gfield_required\"><span class=\"gfield_required gfield_required_asterisk\">*<\/span><\/span><\/label><div class='ginput_container ginput_container_email'>\n                            <input name='input_2' id='input_1_2' type='email' value='' class='medium'    aria-required=\"true\" aria-invalid=\"false\"  \/>\n                        <\/div><\/div><div id=\"field_1_16\" class=\"gfield gfield--type-number gfield--width-third gfield_contains_required field_sublabel_above gfield--no-description field_description_below gfield_visibility_visible\"  data-js-reload=\"field_1_16\" ><label class='gfield_label gform-field-label' for='input_1_16'>Idade:<span class=\"gfield_required\"><span class=\"gfield_required gfield_required_asterisk\">*<\/span><\/span><\/label><div class='ginput_container ginput_container_number'><input name='input_16' id='input_1_16' type='number' step='any'   value='' class='large'     aria-required=\"true\" aria-invalid=\"false\"  \/><\/div><\/div><div id=\"field_1_26\" class=\"gfield gfield--type-select gfield--width-third gfield_contains_required field_sublabel_above gfield--no-description field_description_below gfield_visibility_visible\"  data-js-reload=\"field_1_26\" ><label class='gfield_label gform-field-label' for='input_1_26'>Sexo:<span class=\"gfield_required\"><span class=\"gfield_required gfield_required_asterisk\">*<\/span><\/span><\/label><div class='ginput_container ginput_container_select'><select name='input_26' id='input_1_26' class='large gfield_select'    aria-required=\"true\" aria-invalid=\"false\" ><option value='Feminino' >Feminino<\/option><option value='Masculino' >Masculino<\/option><\/select><\/div><\/div><div id=\"field_1_18\" class=\"gfield gfield--type-date gfield--input-type-datepicker gfield--datepicker-no-icon gfield--width-third gfield_contains_required field_sublabel_above gfield--no-description field_description_below gfield_visibility_visible\"  data-js-reload=\"field_1_18\" ><label class='gfield_label gform-field-label' for='input_1_18'>Data de utiliza\u00e7\u00e3o:<span class=\"gfield_required\"><span class=\"gfield_required gfield_required_asterisk\">*<\/span><\/span><\/label><div class='ginput_container ginput_container_date'>\n                            <input name='input_18' id='input_1_18' type='text' value='' class='datepicker gform-datepicker mdy datepicker_no_icon gdatepicker-no-icon'   placeholder='mm\/dd\/aaaa' aria-describedby=\"input_1_18_date_format\" aria-invalid=\"false\" aria-required=\"true\"\/>\n                            <span id='input_1_18_date_format' class='screen-reader-text'>MM barra DD barra YY<\/span>\n                        <\/div>\n                        <input type='hidden' id='gforms_calendar_icon_input_1_18' class='gform_hidden' value='https:\/\/margareteaquila.com.br\/binaural\/wp-content\/plugins\/gravityforms\/images\/datepicker\/datepicker.svg'\/><\/div><div id=\"field_1_21\" class=\"gfield gfield--type-select gfield--width-third gfield_contains_required field_sublabel_above gfield--no-description field_description_below gfield_visibility_visible\"  data-js-reload=\"field_1_21\" ><label class='gfield_label gform-field-label' for='input_1_21'>Frequ\u00eancia utilizada:<span class=\"gfield_required\"><span class=\"gfield_required gfield_required_asterisk\">*<\/span><\/span><\/label><div class='ginput_container ginput_container_select'><select name='input_21' id='input_1_21' class='large gfield_select'    aria-required=\"true\" aria-invalid=\"false\" ><option value='Programa 1 \u2013 Alpha 7,8hz' >Programa 1 \u2013 Alpha 7,8hz<\/option><option value='Programa 2 \u2013 Theta 5hz' >Programa 2 \u2013 Theta 5hz<\/option><option value='Programa 3 \u2013 Alpha 9,55hz' >Programa 3 \u2013 Alpha 9,55hz<\/option><option value='Programa 4 \u2013 Beta 15hz' >Programa 4 \u2013 Beta 15hz<\/option><option value='Programa 5 \u2013 Delta 1,9hz' >Programa 5 \u2013 Delta 1,9hz<\/option><option value='Programa 6 \u2013 Beta Baixa 12hz' >Programa 6 \u2013 Beta Baixa 12hz<\/option><\/select><\/div><\/div><div id=\"field_1_20\" class=\"gfield gfield--type-number gfield--width-third gfield_contains_required field_sublabel_above gfield--no-description field_description_below gfield_visibility_visible\"  data-js-reload=\"field_1_20\" ><label class='gfield_label gform-field-label' for='input_1_20'>Dura\u00e7\u00e3o em minutos:<span class=\"gfield_required\"><span class=\"gfield_required gfield_required_asterisk\">*<\/span><\/span><\/label><div class='ginput_container ginput_container_number'><input name='input_20' id='input_1_20' type='number' step='any'   value='' class='large'     aria-required=\"true\" aria-invalid=\"false\"  \/><\/div><\/div><div id=\"field_1_27\" class=\"gfield gfield--type-select gfield--width-third gfield_contains_required field_sublabel_above gfield--no-description field_description_below gfield_visibility_visible\"  data-js-reload=\"field_1_27\" ><label class='gfield_label gform-field-label' for='input_1_27'>Tipo:<span class=\"gfield_required\"><span class=\"gfield_required gfield_required_asterisk\">*<\/span><\/span><\/label><div class='ginput_container ginput_container_select'><select name='input_27' id='input_1_27' class='large gfield_select'    aria-required=\"true\" aria-invalid=\"false\" ><option value='M\u00fasica de acompanhamento' >M\u00fasica de acompanhamento<\/option><option value='Outros' >Outros<\/option><\/select><\/div><\/div><div id=\"field_1_28\" class=\"gfield gfield--type-select gfield--width-third gfield_contains_required field_sublabel_above gfield--no-description field_description_below gfield_visibility_visible\"  data-js-reload=\"field_1_28\" ><label class='gfield_label gform-field-label' for='input_1_28'>Finalidade:<span class=\"gfield_required\"><span class=\"gfield_required gfield_required_asterisk\">*<\/span><\/span><\/label><div class='ginput_container ginput_container_select'><select name='input_28' id='input_1_28' class='large gfield_select'    aria-required=\"true\" aria-invalid=\"false\" ><option value='Estudo' >Estudo<\/option><option value='Trabalho' >Trabalho<\/option><option value='Lazer' >Lazer<\/option><option value='Tratamento fisico\/emocional' >Tratamento fisico\/emocional<\/option><\/select><\/div><\/div><div id=\"field_1_29\" class=\"gfield gfield--type-select gfield--width-third gfield_contains_required field_sublabel_above gfield--no-description field_description_below gfield_visibility_visible\"  data-js-reload=\"field_1_29\" ><label class='gfield_label gform-field-label' for='input_1_29'>Resultado:<span class=\"gfield_required\"><span class=\"gfield_required gfield_required_asterisk\">*<\/span><\/span><\/label><div class='ginput_container ginput_container_select'><select name='input_29' id='input_1_29' class='large gfield_select'    aria-required=\"true\" aria-invalid=\"false\" ><option value='Excelente' >Excelente<\/option><option value='Satisfat\u00f3rio' >Satisfat\u00f3rio<\/option><option value='Neutro' >Neutro<\/option><option value='N\u00e3o satisfat\u00f3rio' >N\u00e3o satisfat\u00f3rio<\/option><\/select><\/div><\/div><div id=\"field_1_30\" class=\"gfield gfield--type-honeypot gform_validation_container field_sublabel_above gfield--has-description field_description_below gfield_visibility_visible\"  data-js-reload=\"field_1_30\" ><label class='gfield_label gform-field-label' for='input_1_30'>Name<\/label><div class='ginput_container'><input name='input_30' id='input_1_30' type='text' value='' autocomplete='new-password'\/><\/div><div class='gfield_description' id='gfield_description_1_30'>Este campo \u00e9 para fins de valida\u00e7\u00e3o e n\u00e3o deve ser alterado.<\/div><\/div><\/div><\/div>\n        <div class='gform_footer top_label'> <input type='submit' id='gform_submit_button_1' class='gform_button button' value='Enviar'  onclick='if(window[\"gf_submitting_1\"]){return false;}  if( !jQuery(\"#gform_1\")[0].checkValidity || jQuery(\"#gform_1\")[0].checkValidity()){window[\"gf_submitting_1\"]=true;}  ' onkeypress='if( event.keyCode == 13 ){ if(window[\"gf_submitting_1\"]){return false;} if( !jQuery(\"#gform_1\")[0].checkValidity || jQuery(\"#gform_1\")[0].checkValidity()){window[\"gf_submitting_1\"]=true;}  jQuery(\"#gform_1\").trigger(\"submit\",[true]); }' \/> \n            <input type='hidden' class='gform_hidden' name='is_submit_1' value='1' \/>\n            <input type='hidden' class='gform_hidden' name='gform_submit' value='1' \/>\n            \n            <input type='hidden' class='gform_hidden' name='gform_unique_id' value='' \/>\n            <input type='hidden' class='gform_hidden' name='state_1' value='WyJ7XCIyNlwiOltcImZiZDdjMTAwOTRlZjU5MGE4Y2EzZTQ1NjU2MTBiN2UzXCIsXCIwNWZlZjBjYzBkMzMxZjg5Y2MyZTZhNzJjYThiYzY5YlwiXSxcIjIxXCI6W1wiYTJjY2E4ZDRkMzRiZmQ0NDA2NTI1NTQyN2UzMzI5MWNcIixcIjY5ZDY5YmI4ZTYwZDk5ZjUyNTg2NTJkMjlkNzY4ZWVkXCIsXCIwZTY1YjZlNWMxOWQxZDk3MjQyYTI5OTkyMGNhMTBmNVwiLFwiN2YyMGE0NGM1YzI2OTAyZTQyNGU3NTZjMzc4YWNhYzhcIixcImNkYThmNjhmNjViYTE1ZjBlNmQ2N2JkY2ZkZThkY2QyXCIsXCIxNWI3ZTY4NzI2NGJiNDNkMzMzMTVhNGYyNTE3YWEwNFwiXSxcIjI3XCI6W1wiNWRiNDc3MmRkYmJkZWM4YzcwYjJiYjVjZTU4NzY0ZjVcIixcImUzODU0YjEzMzRmMzQyNmQwMDFlMmY4NGVmOWNmZmE1XCJdLFwiMjhcIjpbXCI3ZWE5YjYxMTk2MmE3NGMyZGMyYmRkODkxYzEzMjA1YlwiLFwiZmE4MTk3NjI5ZTY3YWQ4NWNkNjBmZDY5Mjk1ZTVhNzdcIixcImRhNjkyNTk3MGI3MWZmMDllNTRmM2VhM2NiNjkxMTUzXCIsXCJjOTU0ZWEyNjFjNjE1NGZjOGI0ZGYxYjE3NzVmOWViM1wiXSxcIjI5XCI6W1wiNTFmNmI2OTc4NmM5ZjlmYTkyYzZmZWU0Y2NlZDk2MjlcIixcImM1NDMzN2M4MzdjYTIyYzI4YWM1NzljNjc4ZWIxYjExXCIsXCI3MTEzYWM4MGJlMWIzODgyZGRmMjNkNTAwMzA1NzZmOVwiLFwiNDFjNzVmMTNlZjNmZDc3M2Y2MGNlMWYyYzQ4YjU3M2ZcIl19IiwiY2U3N2NkOTA3YTIzYjNkZjk3YjczNDg3YjY0Y2RhMGUiXQ==' \/>\n            <input type='hidden' class='gform_hidden' name='gform_target_page_number_1' id='gform_target_page_number_1' value='0' \/>\n            <input type='hidden' class='gform_hidden' name='gform_source_page_number_1' id='gform_source_page_number_1' value='1' \/>\n            <input type='hidden' name='gform_field_values' value='' \/>\n            \n        <\/div>\n                        <\/form>\n                        <\/div><script>\ngform.initializeOnLoaded( function() {gformInitSpinner( 1, 'https:\/\/margareteaquila.com.br\/binaural\/wp-content\/plugins\/gravityforms\/images\/spinner.svg', true );jQuery('#gform_ajax_frame_1').on('load',function(){var contents = jQuery(this).contents().find('*').html();var is_postback = contents.indexOf('GF_AJAX_POSTBACK') >= 0;if(!is_postback){return;}var form_content = jQuery(this).contents().find('#gform_wrapper_1');var is_confirmation = jQuery(this).contents().find('#gform_confirmation_wrapper_1').length > 0;var is_redirect = contents.indexOf('gformRedirect(){') >= 0;var is_form = form_content.length > 0 && ! is_redirect && ! is_confirmation;var mt = parseInt(jQuery('html').css('margin-top'), 10) + parseInt(jQuery('body').css('margin-top'), 10) + 100;if(is_form){jQuery('#gform_wrapper_1').html(form_content.html());if(form_content.hasClass('gform_validation_error')){jQuery('#gform_wrapper_1').addClass('gform_validation_error');} else {jQuery('#gform_wrapper_1').removeClass('gform_validation_error');}setTimeout( function() { \/* delay the scroll by 50 milliseconds to fix a bug in chrome *\/  }, 50 );if(window['gformInitDatepicker']) {gformInitDatepicker();}if(window['gformInitPriceFields']) {gformInitPriceFields();}var current_page = jQuery('#gform_source_page_number_1').val();gformInitSpinner( 1, 'https:\/\/margareteaquila.com.br\/binaural\/wp-content\/plugins\/gravityforms\/images\/spinner.svg', true );jQuery(document).trigger('gform_page_loaded', [1, current_page]);window['gf_submitting_1'] = false;}else if(!is_redirect){var confirmation_content = jQuery(this).contents().find('.GF_AJAX_POSTBACK').html();if(!confirmation_content){confirmation_content = contents;}setTimeout(function(){jQuery('#gform_wrapper_1').replaceWith(confirmation_content);jQuery(document).trigger('gform_confirmation_loaded', [1]);window['gf_submitting_1'] = false;wp.a11y.speak(jQuery('#gform_confirmation_message_1').text());}, 50);}else{jQuery('#gform_1').append(contents);if(window['gformRedirect']) {gformRedirect();}}jQuery(document).trigger(\"gform_pre_post_render\", [{ formId: \"1\", currentPage: \"current_page\", abort: function() { this.preventDefault(); } }]);                if (event.defaultPrevented) {                return;         }        const gformWrapperDiv = document.getElementById( \"gform_wrapper_1\" );        if ( gformWrapperDiv ) {            const visibilitySpan = document.createElement( \"span\" );            visibilitySpan.id = \"gform_visibility_test_1\";            gformWrapperDiv.insertAdjacentElement( \"afterend\", visibilitySpan );        }        const visibilityTestDiv = document.getElementById( \"gform_visibility_test_1\" );        let postRenderFired = false;                function triggerPostRender() {            if ( postRenderFired ) {                return;            }            postRenderFired = true;            jQuery( document ).trigger( 'gform_post_render', [1, current_page] );            gform.utils.trigger( { event: 'gform\/postRender', native: false, data: { formId: 1, currentPage: current_page } } );            if ( visibilityTestDiv ) {                visibilityTestDiv.parentNode.removeChild( visibilityTestDiv );            }        }        function debounce( func, wait, immediate ) {            var timeout;            return function() {                var context = this, args = arguments;                var later = function() {                    timeout = null;                    if ( !immediate ) func.apply( context, args );                };                var callNow = immediate && !timeout;                clearTimeout( timeout );                timeout = setTimeout( later, wait );                if ( callNow ) func.apply( context, args );            };        }        const debouncedTriggerPostRender = debounce( function() {            triggerPostRender();        }, 200 );        if ( visibilityTestDiv && visibilityTestDiv.offsetParent === null ) {            const observer = new MutationObserver( ( mutations ) => {                mutations.forEach( ( mutation ) => {                    if ( mutation.type === 'attributes' && visibilityTestDiv.offsetParent !== null ) {                        debouncedTriggerPostRender();                        observer.disconnect();                    }                });            });            observer.observe( document.body, {                attributes: true,                childList: false,                subtree: true,                attributeFilter: [ 'style', 'class' ],            });        } else {            triggerPostRender();        }    } );} );\n<\/script>\n\n<!-- wp:gravityforms\/form {\"formId\":\"1\",\"inputPrimaryColor\":\"#204ce5\"} \/-->\t\t\t\t\t\t<\/div>\n\t\t\t\t<\/div>\n\t\t\t\t\t<\/div>\n\t\t\t\t<\/div>\n\t\t\t\t<\/div>\n\t\t","protected":false},"excerpt":{"rendered":"","protected":false},"author":1,"featured_media":0,"parent":0,"menu_order":0,"comment_status":"closed","ping_status":"closed","template":"","meta":{"footnotes":""},"class_list":["post-85","page","type-page","status-publish","hentry"],"_links":{"self":[{"href":"https:\/\/margareteaquila.com.br\/binaural\/wp-json\/wp\/v2\/pages\/85","targetHints":{"allow":["GET"]}}],"collection":[{"href":"https:\/\/margareteaquila.com.br\/binaural\/wp-json\/wp\/v2\/pages"}],"about":[{"href":"https:\/\/margareteaquila.com.br\/binaural\/wp-json\/wp\/v2\/types\/page"}],"author":[{"embeddable":true,"href":"https:\/\/margareteaquila.com.br\/binaural\/wp-json\/wp\/v2\/users\/1"}],"replies":[{"embeddable":true,"href":"https:\/\/margareteaquila.com.br\/binaural\/wp-json\/wp\/v2\/comments?post=85"}],"version-history":[{"count":18,"href":"https:\/\/margareteaquila.com.br\/binaural\/wp-json\/wp\/v2\/pages\/85\/revisions"}],"predecessor-version":[{"id":309,"href":"https:\/\/margareteaquila.com.br\/binaural\/wp-json\/wp\/v2\/pages\/85\/revisions\/309"}],"wp:attachment":[{"href":"https:\/\/margareteaquila.com.br\/binaural\/wp-json\/wp\/v2\/media?parent=85"}],"curies":[{"name":"wp","href":"https:\/\/api.w.org\/{rel}","templated":true}]}}